{"id":12,"date":"2023-03-17T15:27:01","date_gmt":"2023-03-17T12:27:01","guid":{"rendered":"https:\/\/www.ankakits.com\/online-satin-al\/?post_type=product&#038;p=12"},"modified":"2025-01-27T23:12:25","modified_gmt":"2025-01-27T20:12:25","slug":"kadin-hijyen-kiti","status":"publish","type":"product","link":"https:\/\/www.ankakits.com\/online-satin-al\/urun\/kadin-hijyen-kiti\/","title":{"rendered":"Kad\u0131n Hijyen Kiti"},"content":{"rendered":"<p>Bu set 1 adet d\u00f6nemi ihtiyac\u0131 i\u00e7in ve \u00f6zel torbas\u0131 i\u00e7inde 4 \u00e7e\u015fit ve 39 adet \u00fcr\u00fcn i\u00e7ermektedir.<\/p>\n<ul>\n<li>Kad\u0131n hijyenik ped, 16 adet<\/li>\n<li>Kad\u0131n alt i\u00e7 \u00e7ama\u015f\u0131r\u0131, 2 adet<\/li>\n<li>Opakjel antiseptik mendil, 20 adet<\/li>\n<li>Opakjel 10-70 (100 ml) el antisepti\u011fi, 1 adet<\/li>\n<\/ul>\n","protected":false},"excerpt":{"rendered":"<p>Bu set 1 adet d\u00f6nemi ihtiyac\u0131 i\u00e7in ve \u00f6zel torbas\u0131 i\u00e7inde 4 \u00e7e\u015fit ve 39 adet \u00fcr\u00fcn i\u00e7ermektedir. Kad\u0131n hijyenik ped, 16 adet Kad\u0131n alt i\u00e7 \u00e7ama\u015f\u0131r\u0131, 2 adet Opakjel antiseptik mendil, 20 adet Opakjel 10-70 (100 ml) el antisepti\u011fi, 1 adet<\/p>\n","protected":false},"featured_media":13,"template":"","meta":[],"product_brand":[],"product_cat":[15],"product_tag":[],"class_list":{"0":"post-12","1":"product","2":"type-product","3":"status-publish","4":"has-post-thumbnail","6":"product_cat-genel","8":"first","9":"outofstock","10":"taxable","11":"shipping-taxable","12":"purchasable","13":"product-type-simple"},"_links":{"self":[{"href":"https:\/\/www.ankakits.com\/online-satin-al\/wp-json\/wp\/v2\/product\/12","targetHints":{"allow":["GET"]}}],"collection":[{"href":"https:\/\/www.ankakits.com\/online-satin-al\/wp-json\/wp\/v2\/product"}],"about":[{"href":"https:\/\/www.ankakits.com\/online-satin-al\/wp-json\/wp\/v2\/types\/product"}],"wp:featuredmedia":[{"embeddable":true,"href":"https:\/\/www.ankakits.com\/online-satin-al\/wp-json\/wp\/v2\/media\/13"}],"wp:attachment":[{"href":"https:\/\/www.ankakits.com\/online-satin-al\/wp-json\/wp\/v2\/media?parent=12"}],"wp:term":[{"taxonomy":"product_brand","embeddable":true,"href":"https:\/\/www.ankakits.com\/online-satin-al\/wp-json\/wp\/v2\/product_brand?post=12"},{"taxonomy":"product_cat","embeddable":true,"href":"https:\/\/www.ankakits.com\/online-satin-al\/wp-json\/wp\/v2\/product_cat?post=12"},{"taxonomy":"product_tag","embeddable":true,"href":"https:\/\/www.ankakits.com\/online-satin-al\/wp-json\/wp\/v2\/product_tag?post=12"}],"curies":[{"name":"wp","href":"https:\/\/api.w.org\/{rel}","templated":true}]}}