{"id":15,"date":"2023-03-17T15:43:58","date_gmt":"2023-03-17T12:43:58","guid":{"rendered":"https:\/\/www.ankakits.com\/online-satin-al\/?post_type=product&#038;p=15"},"modified":"2025-01-27T23:12:17","modified_gmt":"2025-01-27T20:12:17","slug":"anne-bebek-hijyen-kiti","status":"publish","type":"product","link":"https:\/\/www.ankakits.com\/online-satin-al\/urun\/anne-bebek-hijyen-kiti\/","title":{"rendered":"Anne &#038; Bebek Hijyen Kiti"},"content":{"rendered":"<p>Bu set 6 \u00e7e\u015fit 25 adet \u00fcr\u00fcn i\u00e7ermektedir.<\/p>\n<ul>\n<li>Bebek bezi (Maxi 8-19 kg), 20 adet<\/li>\n<li>Islak mendil (72&#8217;li), 1 adet<\/li>\n<li>S\u00fcmer Pi\u015fik Kremi 50GR, 1 adet<\/li>\n<li>S\u0131v\u0131 El Sabunu (400ml), 1 adet<\/li>\n<li>Starbaz Krem 25ml (el ve v\u00fccut kremi), 1 adet<\/li>\n<\/ul>\n","protected":false},"excerpt":{"rendered":"<p>Bu set 6 \u00e7e\u015fit 25 adet \u00fcr\u00fcn i\u00e7ermektedir. Bebek bezi (Maxi 8-19 kg), 20 adet Islak mendil (72&#8217;li), 1 adet S\u00fcmer Pi\u015fik Kremi 50GR, 1 adet S\u0131v\u0131 El Sabunu (400ml), 1 adet Starbaz Krem 25ml (el ve v\u00fccut kremi), 1 adet<\/p>\n","protected":false},"featured_media":16,"template":"","meta":[],"product_brand":[],"product_cat":[15],"product_tag":[],"class_list":{"0":"post-15","1":"product","2":"type-product","3":"status-publish","4":"has-post-thumbnail","6":"product_cat-genel","8":"first","9":"outofstock","10":"taxable","11":"shipping-taxable","12":"purchasable","13":"product-type-simple"},"_links":{"self":[{"href":"https:\/\/www.ankakits.com\/online-satin-al\/wp-json\/wp\/v2\/product\/15","targetHints":{"allow":["GET"]}}],"collection":[{"href":"https:\/\/www.ankakits.com\/online-satin-al\/wp-json\/wp\/v2\/product"}],"about":[{"href":"https:\/\/www.ankakits.com\/online-satin-al\/wp-json\/wp\/v2\/types\/product"}],"wp:featuredmedia":[{"embeddable":true,"href":"https:\/\/www.ankakits.com\/online-satin-al\/wp-json\/wp\/v2\/media\/16"}],"wp:attachment":[{"href":"https:\/\/www.ankakits.com\/online-satin-al\/wp-json\/wp\/v2\/media?parent=15"}],"wp:term":[{"taxonomy":"product_brand","embeddable":true,"href":"https:\/\/www.ankakits.com\/online-satin-al\/wp-json\/wp\/v2\/product_brand?post=15"},{"taxonomy":"product_cat","embeddable":true,"href":"https:\/\/www.ankakits.com\/online-satin-al\/wp-json\/wp\/v2\/product_cat?post=15"},{"taxonomy":"product_tag","embeddable":true,"href":"https:\/\/www.ankakits.com\/online-satin-al\/wp-json\/wp\/v2\/product_tag?post=15"}],"curies":[{"name":"wp","href":"https:\/\/api.w.org\/{rel}","templated":true}]}}