{"id":18,"date":"2023-03-17T15:51:49","date_gmt":"2023-03-17T12:51:49","guid":{"rendered":"https:\/\/www.ankakits.com\/online-satin-al\/?post_type=product&#038;p=18"},"modified":"2025-01-27T23:11:58","modified_gmt":"2025-01-27T20:11:58","slug":"aile-hijyen-kiti","status":"publish","type":"product","link":"https:\/\/www.ankakits.com\/online-satin-al\/urun\/aile-hijyen-kiti\/","title":{"rendered":"Aile Hijyen Kiti"},"content":{"rendered":"<p>Bu set 6 \u00e7e\u015fit 11 adet \u00fcr\u00fcn i\u00e7ermektedir.<\/p>\n<ul>\n<li>\u015eampuan (600ml), 1 adet<\/li>\n<li>Di\u015f macunu, 1 adet<\/li>\n<li>Di\u015f f\u0131r\u00e7as\u0131, 4 adet<\/li>\n<li>S\u0131v\u0131 el sabunu (400ml), 2 adet<\/li>\n<li>El ve y\u00fcz havlusu, 2 adet<\/li>\n<li>Islak mendil (72&#8217;li), 1 adet<\/li>\n<\/ul>\n<p>&nbsp;<\/p>\n","protected":false},"excerpt":{"rendered":"<p>Bu set 6 \u00e7e\u015fit 11 adet \u00fcr\u00fcn i\u00e7ermektedir. \u015eampuan (600ml), 1 adet Di\u015f macunu, 1 adet Di\u015f f\u0131r\u00e7as\u0131, 4 adet S\u0131v\u0131 el sabunu (400ml), 2 adet El ve y\u00fcz havlusu, 2 adet Islak mendil (72&#8217;li), 1 adet &nbsp;<\/p>\n","protected":false},"featured_media":20,"template":"","meta":[],"product_brand":[],"product_cat":[15],"product_tag":[],"class_list":{"0":"post-18","1":"product","2":"type-product","3":"status-publish","4":"has-post-thumbnail","6":"product_cat-genel","8":"first","9":"outofstock","10":"taxable","11":"shipping-taxable","12":"purchasable","13":"product-type-simple"},"_links":{"self":[{"href":"https:\/\/www.ankakits.com\/online-satin-al\/wp-json\/wp\/v2\/product\/18","targetHints":{"allow":["GET"]}}],"collection":[{"href":"https:\/\/www.ankakits.com\/online-satin-al\/wp-json\/wp\/v2\/product"}],"about":[{"href":"https:\/\/www.ankakits.com\/online-satin-al\/wp-json\/wp\/v2\/types\/product"}],"wp:featuredmedia":[{"embeddable":true,"href":"https:\/\/www.ankakits.com\/online-satin-al\/wp-json\/wp\/v2\/media\/20"}],"wp:attachment":[{"href":"https:\/\/www.ankakits.com\/online-satin-al\/wp-json\/wp\/v2\/media?parent=18"}],"wp:term":[{"taxonomy":"product_brand","embeddable":true,"href":"https:\/\/www.ankakits.com\/online-satin-al\/wp-json\/wp\/v2\/product_brand?post=18"},{"taxonomy":"product_cat","embeddable":true,"href":"https:\/\/www.ankakits.com\/online-satin-al\/wp-json\/wp\/v2\/product_cat?post=18"},{"taxonomy":"product_tag","embeddable":true,"href":"https:\/\/www.ankakits.com\/online-satin-al\/wp-json\/wp\/v2\/product_tag?post=18"}],"curies":[{"name":"wp","href":"https:\/\/api.w.org\/{rel}","templated":true}]}}