{"id":70,"date":"2023-04-05T14:33:33","date_gmt":"2023-04-05T11:33:33","guid":{"rendered":"https:\/\/www.ankakits.com\/online-satin-al\/?post_type=product&#038;p=70"},"modified":"2025-01-27T22:58:05","modified_gmt":"2025-01-27T19:58:05","slug":"opakjel-10-70-100-ml-alkol-bazli-el-antiseptigi-6li-paket","status":"publish","type":"product","link":"https:\/\/www.ankakits.com\/online-satin-al\/urun\/opakjel-10-70-100-ml-alkol-bazli-el-antiseptigi-6li-paket\/","title":{"rendered":"OPAKJEL 10-70 100 ML, (Alkol Bazl\u0131 El Antisepti\u011fi) (6&#8217;l\u0131 paket)"},"content":{"rendered":"<p>6&#8217;l\u0131 pakettir.<\/p>\n","protected":false},"excerpt":{"rendered":"<p>6&#8217;l\u0131 pakettir.<\/p>\n","protected":false},"featured_media":71,"template":"","meta":[],"product_brand":[],"product_cat":[15],"product_tag":[],"class_list":{"0":"post-70","1":"product","2":"type-product","3":"status-publish","4":"has-post-thumbnail","6":"product_cat-genel","8":"first","9":"instock","10":"taxable","11":"shipping-taxable","12":"purchasable","13":"product-type-simple"},"_links":{"self":[{"href":"https:\/\/www.ankakits.com\/online-satin-al\/wp-json\/wp\/v2\/product\/70","targetHints":{"allow":["GET"]}}],"collection":[{"href":"https:\/\/www.ankakits.com\/online-satin-al\/wp-json\/wp\/v2\/product"}],"about":[{"href":"https:\/\/www.ankakits.com\/online-satin-al\/wp-json\/wp\/v2\/types\/product"}],"wp:featuredmedia":[{"embeddable":true,"href":"https:\/\/www.ankakits.com\/online-satin-al\/wp-json\/wp\/v2\/media\/71"}],"wp:attachment":[{"href":"https:\/\/www.ankakits.com\/online-satin-al\/wp-json\/wp\/v2\/media?parent=70"}],"wp:term":[{"taxonomy":"product_brand","embeddable":true,"href":"https:\/\/www.ankakits.com\/online-satin-al\/wp-json\/wp\/v2\/product_brand?post=70"},{"taxonomy":"product_cat","embeddable":true,"href":"https:\/\/www.ankakits.com\/online-satin-al\/wp-json\/wp\/v2\/product_cat?post=70"},{"taxonomy":"product_tag","embeddable":true,"href":"https:\/\/www.ankakits.com\/online-satin-al\/wp-json\/wp\/v2\/product_tag?post=70"}],"curies":[{"name":"wp","href":"https:\/\/api.w.org\/{rel}","templated":true}]}}