{"id":72,"date":"2023-04-05T14:56:41","date_gmt":"2023-04-05T11:56:41","guid":{"rendered":"https:\/\/www.ankakits.com\/online-satin-al\/?post_type=product&#038;p=72"},"modified":"2025-01-27T22:58:30","modified_gmt":"2025-01-27T19:58:30","slug":"opakjel-antiseptik-mendil-100luk-paket","status":"publish","type":"product","link":"https:\/\/www.ankakits.com\/online-satin-al\/urun\/opakjel-antiseptik-mendil-100luk-paket\/","title":{"rendered":"Opakjel Antiseptik Mendil (100&#8217;l\u00fck paket)"},"content":{"rendered":"<p>Tek kullan\u0131ml\u0131k antiseptik mendildir, 1 pakette 100 adet tek kullan\u0131ml\u0131k antiseptik mendil bulunmaktad\u0131r.<\/p>\n","protected":false},"excerpt":{"rendered":"<p>Tek kullan\u0131ml\u0131k antiseptik mendildir, 1 pakette 100 adet tek kullan\u0131ml\u0131k antiseptik mendil bulunmaktad\u0131r.<\/p>\n","protected":false},"featured_media":73,"template":"","meta":[],"product_brand":[],"product_cat":[15],"product_tag":[],"class_list":{"0":"post-72","1":"product","2":"type-product","3":"status-publish","4":"has-post-thumbnail","6":"product_cat-genel","8":"first","9":"instock","10":"taxable","11":"shipping-taxable","12":"purchasable","13":"product-type-simple"},"_links":{"self":[{"href":"https:\/\/www.ankakits.com\/online-satin-al\/wp-json\/wp\/v2\/product\/72","targetHints":{"allow":["GET"]}}],"collection":[{"href":"https:\/\/www.ankakits.com\/online-satin-al\/wp-json\/wp\/v2\/product"}],"about":[{"href":"https:\/\/www.ankakits.com\/online-satin-al\/wp-json\/wp\/v2\/types\/product"}],"wp:featuredmedia":[{"embeddable":true,"href":"https:\/\/www.ankakits.com\/online-satin-al\/wp-json\/wp\/v2\/media\/73"}],"wp:attachment":[{"href":"https:\/\/www.ankakits.com\/online-satin-al\/wp-json\/wp\/v2\/media?parent=72"}],"wp:term":[{"taxonomy":"product_brand","embeddable":true,"href":"https:\/\/www.ankakits.com\/online-satin-al\/wp-json\/wp\/v2\/product_brand?post=72"},{"taxonomy":"product_cat","embeddable":true,"href":"https:\/\/www.ankakits.com\/online-satin-al\/wp-json\/wp\/v2\/product_cat?post=72"},{"taxonomy":"product_tag","embeddable":true,"href":"https:\/\/www.ankakits.com\/online-satin-al\/wp-json\/wp\/v2\/product_tag?post=72"}],"curies":[{"name":"wp","href":"https:\/\/api.w.org\/{rel}","templated":true}]}}